{"id":3,"date":"2025-01-22T18:18:22","date_gmt":"2025-01-22T21:18:22","guid":{"rendered":"https:\/\/cyberleopard.net\/?page_id=3"},"modified":"2025-03-16T17:02:14","modified_gmt":"2025-03-16T21:02:14","slug":"politica-de-privacidad","status":"publish","type":"page","link":"https:\/\/cbn.cyberleopard.com\/index.php\/politica-de-privacidad\/","title":{"rendered":"Pol\u00edtica de privacidad"},"content":{"rendered":"\n<h2 class=\"wp-block-heading has-luminous-vivid-amber-color has-text-color has-link-color wp-elements-6334e2d87a33ef2694c6168e979c1fb0\"><a><strong>1.&nbsp;&nbsp;&nbsp;&nbsp;&nbsp;&nbsp;&nbsp; <\/strong><strong>Identificaci\u00f3n<\/strong><\/a><strong><\/strong><\/h2>\n\n\n\n<p>Las webs de Cyberleopard SpA (en adelante &lt;&lt;Cyberleopard SpA&gt;&gt; en este documento) hace referencia a las webs que se encuentran bajo la marca Cyberleopard y subdominios relacionados. Esta pol\u00edtica de privacidad describe el modo en que Cyberleopard SpA utiliza y protege la informaci\u00f3n que recolectamos al hacer uso de nuestros portales.<\/p>\n\n\n\n<h2 class=\"wp-block-heading has-luminous-vivid-amber-color has-text-color has-link-color wp-elements-777960a368029ee62dcfc071e3246e17\"><a><strong>2.&nbsp;&nbsp;&nbsp;&nbsp;&nbsp;&nbsp;&nbsp; <\/strong><strong>Visitantes sitios<\/strong><\/a><strong><\/strong><\/h2>\n\n\n\n<p>Cyberleopard SpA y sus sitios relacionados, al igual como lo hacen la mayor\u00eda de los operadores web recopila informaci\u00f3n de car\u00e1cter no personal, tales como el tipo de navegador, preferencias de idioma, sitio de referencia, la fecha y la hora de cada requerimiento del usuario o agente. El objetivo de recopilar esta informaci\u00f3n de identificaci\u00f3n no personal tiene como prop\u00f3sito una mejor comprensi\u00f3n de utilizaci\u00f3n de los sitios.<\/p>\n\n\n\n<p>Cyberleopard SpA tambi\u00e9n registra informaci\u00f3n como direcciones de protocolos de Internet (IP), los cuales son utilizados para detectar spam o identificar otras situaciones de riesgos que puedan comprometer el correcto funcionamiento de los sitios y portales, as\u00ed como la protecci\u00f3n de informaci\u00f3n que es de propiedad de la organizaci\u00f3n o de nuestros usuarios registrados. El uso de esta informaci\u00f3n recolectada es exclusivamente para los prop\u00f3sitos anteriormente se\u00f1alados, y aquellos que se ajusten a la legislaci\u00f3n chilena vigente.<\/p>\n\n\n\n<h2 class=\"wp-block-heading has-luminous-vivid-amber-color has-text-color has-link-color wp-elements-7f319a876445013bd294efb6ab5c62a7\"><a><strong>3.&nbsp;&nbsp;&nbsp;&nbsp;&nbsp;&nbsp;&nbsp; <\/strong><strong>Datos personales<\/strong><\/a><strong><\/strong><\/h2>\n\n\n\n<p>Si un visitante de Cyberleopard SpA y sus sitios relacionados, decide interactuar en forma directa, confiando su informaci\u00f3n de identificaci\u00f3n personal en nuestros portales. Esta informaci\u00f3n ser\u00e1 utilizada s\u00f3lo en la medida apropiada para cumplir el prop\u00f3sito de la interacci\u00f3n del visitante.<\/p>\n\n\n\n<p>Cyberleopard SpA no revela informaci\u00f3n de identificaci\u00f3n personal que no sea la descrita en esta pol\u00edtica de privacidad. Los visitantes siempre pueden negarse a proporcionar informaci\u00f3n de identificaci\u00f3n personal, sin embargo, deben estar en conocimiento que esto puedo ocasionar el impedimento de realizar ciertas funcionalidades o actividades relacionadas con la web, o afectar el correcto funcionamiento de la interacci\u00f3n con la web. <strong><br><\/strong><\/p>\n\n\n\n<p><strong>3.1 Comentarios<\/strong><\/p>\n\n\n\n<p>Al dejar comentarios en nuestros portales, nosotros recolectamos los datos dejados en los formularios de comentarios, as\u00ed como la direcci\u00f3n ip del visitante, y el agente navegador. Esto con el objetivo de evitar el spam o los riegos que puedan afectar el correcto funcionamiento del portal.<\/p>\n\n\n\n<p><strong>3.2 Multimedia<\/strong><\/p>\n\n\n\n<p>Al cargar im\u00e1genes u otro tipo de multimedio, debes evitar cargar multimedios con datos que son confidenciales o privados. Los visitantes de los portales podr\u00edan descargar y extraer esta informaci\u00f3n desde el multimedio, te animamos a hacer un uso informado y responsable de lo que publicas en los portales.<\/p>\n\n\n\n<p><strong>3.3 Formularios de contacto o chats<\/strong><\/p>\n\n\n\n<p>Al utilizar el formulario de contacto o chats, nosotros recolectamos los datos dejados en los formularios de contacto o los chat, la direcci\u00f3n ip del visitante, y el agente navegador. Esto para mantener una comunicaci\u00f3n directa con nuestros usuarios a trav\u00e9s de los canales definidos en los portales, as\u00ed como tambi\u00e9n para evitar malos usos de estas herramientas.<\/p>\n\n\n\n<p>3.4 <strong>Cookies<\/strong><\/p>\n\n\n\n<ol style=\"list-style-type:lower-alpha\" class=\"wp-block-list\">\n<li>Utilizamos cookies para recordar datos que ingresaste previamente, y no tengas que volver a reingresarlo.<\/li>\n\n\n\n<li>Utilizamos cookies cuando inicias sesi\u00f3n, esta es temporal y busca determinar si tu navegador acepta cookies. Esta no contiene datos personales y se elimina al cerrar la sesi\u00f3n.<\/li>\n\n\n\n<li>\u00a0\u00a0Al iniciar sesi\u00f3n, tambi\u00e9n hacemos uso de cookies que permiten facilitar el ingreso y opciones de personalizaci\u00f3n de la experiencia de usuario en nuestros portales. <\/li>\n\n\n\n<li>Contenidos Insertados desde otros sitios webs (Embedded Content). Los art\u00edculos, actividades y publicaciones pueden contener contenidos insertados (Ej: im\u00e1genes, videos, art\u00edculos, etc.) desde sitios externos. Estos contenidos insertados (Embedded) los rigen las pol\u00edticas de privacidad y condiciones de uso definidos por sus propietarios. Por lo cual al acceder a este tipo de contenidos debes preocuparte de hacer un uso informado y responsable.<\/li>\n<\/ol>\n\n\n\n<h2 class=\"wp-block-heading has-luminous-vivid-amber-color has-text-color has-link-color wp-elements-afce665b0b0e3482724272cc5642f9df\"><a><strong>4.&nbsp;&nbsp;&nbsp;&nbsp;&nbsp;&nbsp;&nbsp; <\/strong><strong>Uso de informaci\u00f3n personal<\/strong><\/a><strong><\/strong><\/h2>\n\n\n\n<p>Utilizamos su informaci\u00f3n personal para lo siguiente:<\/p>\n\n\n\n<p>a. <strong>Para entregar, personalizar y realizar mejoras a nuestros productos.<\/strong><\/p>\n\n\n\n<ol style=\"list-style-type:lower-alpha\" class=\"wp-block-list\"><\/ol>\n\n\n\n<p>Nos preocupamos de entregar un buen producto o servicio, de acuerdo con las necesidades personalizadas de nuestros usuarios y enmarcados en un proceso de mejora continua.<\/p>\n\n\n\n<p>   <strong> b.<\/strong> <strong>Para promover la protecci\u00f3n, integridad y seguridad.<\/strong><\/p>\n\n\n\n<p>Buscamos disminuir los riesgos cibern\u00e9ticos promoviendo la protecci\u00f3n de la informaci\u00f3n, mediante el uso informado y responsable de nuestros usuarios de los portales, incorporamos medidas y herramientas de seguridad que hacen uso de la informaci\u00f3n recolectada para mitigar los riesgos en la integridad y seguridad de la informaci\u00f3n.<\/p>\n\n\n\n<p>  <strong> c.<\/strong> <strong>Para realizar mediciones, anal\u00edtica y avisos publicitarios.<\/strong><\/p>\n\n\n\n<p>Realizamos mediciones para mejorar nuestros productos y\/o servicios, hacemos an\u00e1lisis sobre los datos para generar productos y\/o servicios que sean innovadores y que permitan dar soluciones a problemas de empresas y\/o sociales. Para comunicar y dar a conocer los productos y\/o servicios que prestamos generamos campa\u00f1as publicitarias en distintos canales.<\/p>\n\n\n\n<p>  <strong>d.<\/strong> <strong>Para mantener canales de comunicaci\u00f3n con nuestros usuarios.<\/strong><\/p>\n\n\n\n<p>Mantenemos comunicaci\u00f3n con nuestros usuarios registrados, mediante los canales que la empresa tiene establecido.<\/p>\n\n\n\n<p>Toda la informaci\u00f3n que se recopila en las webs de Cyberleopard SpA y sus sitios relacionados se gestionan y se encuentran sujeto a la legislaci\u00f3n chilena vigente.<\/p>\n\n\n\n<h2 class=\"wp-block-heading has-luminous-vivid-amber-color has-text-color has-link-color wp-elements-35463a98534d976943e685f4be2442fa\"><a><strong>5.&nbsp;&nbsp;&nbsp;&nbsp;&nbsp;&nbsp;&nbsp; <\/strong><strong>Cambios en la pol\u00edtica de privacidad<\/strong><\/a><strong><\/strong><\/h2>\n\n\n\n<p>La pol\u00edtica de privacidad de Cyberleopard SpA y sus sitios relacionados pueden sufrir cambios producto de la entrada en vigencia de nuevas regulaciones o cambios que se realicen a entera discreci\u00f3n de Cyberleopard SpA, por este motivo anima a sus visitantes a permanecer informado de las actualizaciones que sufra esta pol\u00edtica, consultando su \u00faltima versi\u00f3n en esta fuente. El uso ocasional o continuado de los portales o sitios de Cyberleopard SpA y sus relacionados constituir\u00e1 la aceptaci\u00f3n de la pol\u00edtica de privacidad, as\u00ed como tambi\u00e9n de los t\u00e9rminos y condiciones de uso que se encuentren vigentes a la fecha del requerimiento.\u00a0\u00a0<\/p>\n\n\n\n<h2 class=\"wp-block-heading has-luminous-vivid-amber-color has-text-color has-link-color wp-elements-2eaadef7e235707648041876bbe3558e\"><a><strong>6.&nbsp;&nbsp;&nbsp;&nbsp;&nbsp;&nbsp;&nbsp; <\/strong><strong>Contacto<\/strong><\/a><strong><\/strong><\/h2>\n\n\n\n<p>En caso que tengas una consulta de nuestra pol\u00edtica de privacidad o sobre la informaci\u00f3n como usuario registrado de los portales, te puedes poner en contacto con nosotros enviando un correo a <a href=\"mailto:legal@cyberleopard.com\">legal@cyberleopard.com<\/a><\/p>\n","protected":false},"excerpt":{"rendered":"<p>1.&nbsp;&nbsp;&nbsp;&nbsp;&nbsp;&nbsp;&nbsp; Identificaci\u00f3n Las webs de Cyberleopard SpA (en adelante &lt;&lt;Cyberleopard SpA&gt;&gt; en este documento) hace referencia a las webs que se encuentran bajo la marca Cyberleopard y subdominios relacionados. Esta pol\u00edtica de privacidad describe el modo en que Cyberleopard SpA utiliza y protege la informaci\u00f3n que recolectamos al hacer uso de nuestros portales. 2.&nbsp;&nbsp;&nbsp;&nbsp;&nbsp;&nbsp;&nbsp; Visitantes&#8230;<\/p>\n","protected":false},"author":1,"featured_media":0,"parent":0,"menu_order":0,"comment_status":"closed","ping_status":"open","template":"","meta":{"footnotes":""},"class_list":["post-3","page","type-page","status-publish","hentry"],"_links":{"self":[{"href":"https:\/\/cbn.cyberleopard.com\/index.php\/wp-json\/wp\/v2\/pages\/3","targetHints":{"allow":["GET"]}}],"collection":[{"href":"https:\/\/cbn.cyberleopard.com\/index.php\/wp-json\/wp\/v2\/pages"}],"about":[{"href":"https:\/\/cbn.cyberleopard.com\/index.php\/wp-json\/wp\/v2\/types\/page"}],"author":[{"embeddable":true,"href":"https:\/\/cbn.cyberleopard.com\/index.php\/wp-json\/wp\/v2\/users\/1"}],"replies":[{"embeddable":true,"href":"https:\/\/cbn.cyberleopard.com\/index.php\/wp-json\/wp\/v2\/comments?post=3"}],"version-history":[{"count":8,"href":"https:\/\/cbn.cyberleopard.com\/index.php\/wp-json\/wp\/v2\/pages\/3\/revisions"}],"predecessor-version":[{"id":305,"href":"https:\/\/cbn.cyberleopard.com\/index.php\/wp-json\/wp\/v2\/pages\/3\/revisions\/305"}],"wp:attachment":[{"href":"https:\/\/cbn.cyberleopard.com\/index.php\/wp-json\/wp\/v2\/media?parent=3"}],"curies":[{"name":"wp","href":"https:\/\/api.w.org\/{rel}","templated":true}]}}